{"id":173,"date":"2014-11-15T17:45:50","date_gmt":"2014-11-15T17:45:50","guid":{"rendered":"http:\/\/spiewniksiedleckiego.pl\/?page_id=173"},"modified":"2026-01-11T13:35:46","modified_gmt":"2026-01-11T12:35:46","slug":"ks-wendelin-swierczek-cm","status":"publish","type":"page","link":"https:\/\/spiewniksiedleckiego.pl\/?page_id=173","title":{"rendered":"Ks. Wendelin \u015awierczek CM"},"content":{"rendered":"\t\t<div data-elementor-type=\"wp-page\" data-elementor-id=\"173\" class=\"elementor elementor-173\" data-elementor-settings=\"{&quot;ha_cmc_init_switcher&quot;:&quot;no&quot;}\">\n\t\t\t\t\t\t<section class=\"elementor-section elementor-top-section elementor-element elementor-element-4c38be7d elementor-section-content-middle elementor-section-boxed elementor-section-height-default elementor-section-height-default\" data-id=\"4c38be7d\" data-element_type=\"section\" data-e-type=\"section\" data-settings=\"{&quot;background_background&quot;:&quot;classic&quot;,&quot;_ha_eqh_enable&quot;:false}\">\n\t\t\t\t\t\t<div class=\"elementor-container elementor-column-gap-wide\">\n\t\t\t\t\t<div class=\"elementor-column elementor-col-50 elementor-top-column elementor-element elementor-element-2bdc3824\" data-id=\"2bdc3824\" data-element_type=\"column\" data-e-type=\"column\">\n\t\t\t<div class=\"elementor-widget-wrap elementor-element-populated\">\n\t\t\t\t\t\t<div class=\"elementor-element elementor-element-71402d3 elementor-invisible elementor-widget elementor-widget-heading\" data-id=\"71402d3\" data-element_type=\"widget\" data-e-type=\"widget\" data-settings=\"{&quot;_animation&quot;:&quot;fadeIn&quot;}\" data-widget_type=\"heading.default\">\n\t\t\t\t<div class=\"elementor-widget-container\">\n\t\t\t\t\t<h5 class=\"elementor-heading-title elementor-size-medium\">\u015apiewnik Ko\u015bcielny<\/h5>\t\t\t\t<\/div>\n\t\t\t\t<\/div>\n\t\t\t\t<div class=\"elementor-element elementor-element-7cb8b09e elementor-widget elementor-widget-heading\" data-id=\"7cb8b09e\" data-element_type=\"widget\" data-e-type=\"widget\" data-widget_type=\"heading.default\">\n\t\t\t\t<div class=\"elementor-widget-container\">\n\t\t\t\t\t<h2 class=\"elementor-heading-title elementor-size-xxl\">ks. Wendelin \u015awierczek CM<\/h2>\t\t\t\t<\/div>\n\t\t\t\t<\/div>\n\t\t\t\t<div class=\"elementor-element elementor-element-a87a91c elementor-invisible elementor-widget elementor-widget-heading\" data-id=\"a87a91c\" data-element_type=\"widget\" data-e-type=\"widget\" data-settings=\"{&quot;_animation&quot;:&quot;fadeIn&quot;}\" data-widget_type=\"heading.default\">\n\t\t\t\t<div class=\"elementor-widget-container\">\n\t\t\t\t\t<h5 class=\"elementor-heading-title elementor-size-medium\">Redaktor \u015apiewnika 1915 - 1974<\/h5>\t\t\t\t<\/div>\n\t\t\t\t<\/div>\n\t\t\t\t<div class=\"elementor-element elementor-element-4f5beccd elementor-widget-divider--view-line elementor-invisible elementor-widget elementor-widget-divider\" data-id=\"4f5beccd\" data-element_type=\"widget\" data-e-type=\"widget\" data-settings=\"{&quot;_animation&quot;:&quot;fadeInUp&quot;}\" data-widget_type=\"divider.default\">\n\t\t\t\t<div class=\"elementor-widget-container\">\n\t\t\t\t\t\t\t<div class=\"elementor-divider\">\n\t\t\t<span class=\"elementor-divider-separator\">\n\t\t\t\t\t\t<\/span>\n\t\t<\/div>\n\t\t\t\t\t\t<\/div>\n\t\t\t\t<\/div>\n\t\t\t\t<div class=\"elementor-element elementor-element-4906ab4f elementor-widget elementor-widget-text-editor\" data-id=\"4906ab4f\" data-element_type=\"widget\" data-e-type=\"widget\" data-widget_type=\"text-editor.default\">\n\t\t\t\t<div class=\"elementor-widget-container\">\n\t\t\t\t\t\t\t\t\t<p class=\"p1\" style=\"text-align: justify;\"><span class=\"s1\">Urodzi\u0142 si\u0119 <strong>16 stycznia 1888 r.<\/strong> w miejscowo\u015bci \u017bytna ko\u0142o Rybnika<\/span><span class=\"s1\">. By\u0142 synem Jakuba i Franciszki z domu \u015awidergo\u0142. Rodzice byli rolnikami, ojciec przez wiele lat by\u0142 w\u00f3jtem. Do szko\u0142y powszechnej Wendelin przez rok ucz\u0119szcza\u0142 w Pstr\u0105\u017cnej, dalsze 7 lat w \u017bytnej.<\/span><\/p><p class=\"p1\" style=\"text-align: justify;\">\u00a0<\/p>\t\t\t\t\t\t\t\t<\/div>\n\t\t\t\t<\/div>\n\t\t\t\t\t<\/div>\n\t\t<\/div>\n\t\t\t\t<div class=\"elementor-column elementor-col-50 elementor-top-column elementor-element elementor-element-69e39940\" data-id=\"69e39940\" data-element_type=\"column\" data-e-type=\"column\">\n\t\t\t<div class=\"elementor-widget-wrap elementor-element-populated\">\n\t\t\t\t\t\t<div class=\"elementor-element elementor-element-7cf0838c elementor-widget elementor-widget-image\" data-id=\"7cf0838c\" data-element_type=\"widget\" data-e-type=\"widget\" data-widget_type=\"image.default\">\n\t\t\t\t<div class=\"elementor-widget-container\">\n\t\t\t\t\t\t\t\t\t\t\t\t\t\t\t<img fetchpriority=\"high\" decoding=\"async\" width=\"720\" height=\"720\" src=\"https:\/\/spiewniksiedleckiego.pl\/wp-content\/uploads\/Redaktor02a.jpg\" class=\"elementor-animation-grow attachment-large size-large wp-image-7427\" alt=\"\" srcset=\"https:\/\/spiewniksiedleckiego.pl\/wp-content\/uploads\/Redaktor02a.jpg 900w, https:\/\/spiewniksiedleckiego.pl\/wp-content\/uploads\/Redaktor02a-300x300.jpg 300w, https:\/\/spiewniksiedleckiego.pl\/wp-content\/uploads\/Redaktor02a-150x150.jpg 150w, https:\/\/spiewniksiedleckiego.pl\/wp-content\/uploads\/Redaktor02a-768x768.jpg 768w, https:\/\/spiewniksiedleckiego.pl\/wp-content\/uploads\/elementor\/thumbs\/Redaktor02a-p4velqsdxikxrjbzi9ufnuagcsivsler88tyeo2pgw.jpg 600w, https:\/\/spiewniksiedleckiego.pl\/wp-content\/uploads\/elementor\/thumbs\/Redaktor02a-p4velqsbht02jj0iog43folqa43mh2zbgnnm3v49eo.jpg 400w\" sizes=\"(max-width: 720px) 100vw, 720px\" \/>\t\t\t\t\t\t\t\t\t\t\t\t\t\t\t<\/div>\n\t\t\t\t<\/div>\n\t\t\t\t\t<\/div>\n\t\t<\/div>\n\t\t\t\t\t<\/div>\n\t\t<\/section>\n\t\t\t\t<section class=\"elementor-section elementor-top-section elementor-element elementor-element-19f2b04 elementor-section-boxed elementor-section-height-default elementor-section-height-default\" data-id=\"19f2b04\" data-element_type=\"section\" data-e-type=\"section\" data-settings=\"{&quot;_ha_eqh_enable&quot;:false}\">\n\t\t\t\t\t\t<div class=\"elementor-container elementor-column-gap-default\">\n\t\t\t\t\t<div class=\"elementor-column elementor-col-100 elementor-top-column elementor-element elementor-element-cd10c60\" data-id=\"cd10c60\" data-element_type=\"column\" data-e-type=\"column\">\n\t\t\t<div class=\"elementor-widget-wrap elementor-element-populated\">\n\t\t\t\t\t\t<div class=\"elementor-element elementor-element-f33bec4 elementor-widget elementor-widget-text-editor\" data-id=\"f33bec4\" data-element_type=\"widget\" data-e-type=\"widget\" data-widget_type=\"text-editor.default\">\n\t\t\t\t<div class=\"elementor-widget-container\">\n\t\t\t\t\t\t\t\t\t<p style=\"text-align: justify;\"><span class=\"s1\">O\u015bmioklasowe gimnazjum klasyczne odby\u0142 u Ksi\u0119\u017cy Misjonarzy w Krakowie. W ma\u0142ym seminarium (1902\u20131906) nale\u017ca\u0142 do ch\u00f3ru i do orkiestry \u2013 gra\u0142 na skrzypcach i puzonie. Sam uczy\u0142 si\u0119 gry na fisharmonii, a od trzeciej klasy gra\u0142 na organach oraz prowadzi\u0142 ch\u00f3r m\u0119ski i orkiestr\u0119 ma\u0142oseminarzyst\u00f3w.<\/span><\/p><p style=\"text-align: justify;\"><span class=\"s1\">Do zgromadzenia zosta\u0142 przyj\u0119ty 7 wrze\u015bnia 1906 r. Na Kleparzu, na drugim roku, by\u0142 organist\u0105 i prowadzi\u0142 ch\u00f3r kleryk\u00f3w. Wtedy te\u017c zacz\u0119\u0142y powstawa\u0107 jego pierwsze kompozycje. \u015aluby z\u0142o\u017cy\u0142 8 wrze\u015bnia 1908 r. \u015awi\u0119cenia mniejsze otrzyma\u0142 18 marca 1910 r. 24 czerwca 1910 r. zda\u0142 egzamin maturalny jako eksternista w Gimnazjum im. Jana III Sobieskiego w Krakowie.<\/span><\/p><p style=\"text-align: justify;\">Nast\u0119pnie odby\u0142 czteroletnie studia filozoficzno-teologiczne u ksi\u0119\u017cy misjonarzy w Krakowie. Po przybyciu na Stradom, na polecenie ks. superiora J\u00f3zefa Kryski, zorganizowa\u0142 orkiestr\u0119 mieszan\u0105. By\u0142 tak\u017ce organist\u0105 i akompaniowa\u0142 ch\u00f3rowi. W latach 1910\u20131913 pe\u0142ni\u0142 klerycki urz\u0105d\u00a0<i>curatora cantus<\/i>\u00a0i by\u0142 dyrygentem ch\u00f3ru.<\/p><p class=\"p1\" style=\"text-align: justify;\"><span class=\"s1\">Subdiakonat otrzyma\u0142 18 listopada 1912 r., diakonat z r\u0105k bpa A. Nowaka otrzyma\u0142 22 grudnia 1912 r. \u015awi\u0119cenia kap\u0142a\u0144skie z r\u0105k bpa A. Sapiehy przyj\u0105\u0142 22 czerwca 1913 r. Po \u015bwi\u0119ceniach kap\u0142a\u0144skich, ale przed uko\u0144czeniem studi\u00f3w, doje\u017cd\u017ca\u0142 w maju na Now\u0105 Wie\u015b, gdzie uczy\u0142 fizyki i chemii oraz prowadzi\u0142 po Kazimierzu Garbusi\u0144skim \u2013 mieszany ch\u00f3r ch\u0142opi\u0119cy. Mia\u0142 zosta\u0107 pos\u0142any do kolegium w Erie, ale ostatecznie osiad\u0142 na Nowej Wsi, gdzie w ma\u0142ym seminarium uczy\u0142 j\u0119zyku niemieckiego, \u0142aciny, chemii, fizyki i \u015bpiewu, prowadzi\u0142 ch\u00f3r zak\u0142adowy i orkiestr\u0119, ch\u00f3r Dzieci Maryi.<\/span><\/p><p class=\"p1\" style=\"text-align: justify;\"><span class=\"s1\">Po wybuchu wojny obj\u0105\u0142 duszpastersk\u0105 opiek\u0105 szpital wojskowy w \u0141obzowie (Szko\u0142a Kadet\u00f3w). Wiosn\u0105 1917 r. zosta\u0142 powo\u0142any do wojska niemieckiego. Przebywa\u0142 w Tarnowskich G\u00f3rach, potem w Nysie, gdzie pracowa\u0142 w kancelarii szpitalnej. W grudniu 1918 r. wr\u00f3ci\u0142 z wojska na Now\u0105 Wie\u015b, do zaj\u0119\u0107 w ma\u0142ym seminarium. 9 sierpnia 1919 r. zosta\u0142 przeniesiony na Kleparz, gdzie obj\u0105\u0142 obowi\u0105zki kapelana inwalid\u00f3w wojennych w randze kapitana (nominacj\u0119 otrzymal 26 pa\u017adziernika 1919 r.). Pod opiek\u0105 mia\u0142 dwa szpitale i Szko\u0142\u0119 Inwalid\u00f3w w Krakowie oraz Warsztat Inwalid\u00f3w w Krakowie, Bronowicach, Mydlnikach i Brzesku ko\u0142o Bochni. W ramach swoich obowi\u0105zk\u00f3w, w niedziele i \u015bwi\u0119ta odprawia\u0142 dwie Msze \u015bw. z kazaniem, codziennie odwiedza\u0142 i zaopatrywa\u0142 chorych, uczy\u0142 katechizmu w Szkole Inwalid\u00f3w, organizowa\u0142 odczyty o\u015bwiatowe i koncerty oraz prowadzi\u0142 pogrzeby wojskowe. W styczniu 1921 r. uda\u0142 si\u0119 na G\u00f3rny \u015al\u0105sk do pracy plebiscytowej w Rybniku. Tu przy komitecie plebiscytowym obj\u0105\u0142 dzia\u0142 o\u015bwiatowy. Spo\u015br\u00f3d m\u0142odzie\u017cy akademickiej i seminarzyst\u00f3w werbowa\u0142 pracownik\u00f3w do szk\u00f3\u0142 powszechnych, przedszkoli i ochronek, pozbawionych nauczycieli. Na zebraniach o\u015bwiatowych wyg\u0142asza\u0142 przem\u00f3wienia. Prowadzi\u0142 kurs dla dyrygent\u00f3w i sam kierowa\u0142 ch\u00f3rem rybnickim Seraf. Gromadzi\u0142 m\u0142odzie\u017c, otwiera\u0142 szko\u0142y, \u015bpiewa\u0142 pie\u015bni ko\u015bcielne i patriotyczne. Nauczane<span class=\"Apple-converted-space\">\u00a0\u00a0<\/span>przez niego pie\u015bni roznieca\u0142y ducha patriotycznego. Za t\u0119 dzia\u0142alno\u015b\u0107 w\u0142adze niemieckie wyznaczy\u0142y nagrod\u0119 za schwytanie ks. Wendelina, ale zawsze udawa\u0142o mu si\u0119 wymkn\u0105\u0107 wrogom. Po wybuchu III Powstania \u015al\u0105skiego opiekowa\u0142 si\u0119 rannymi w szpitalach frontowych na lini Olza \u2013 Dziergowice k. K\u0119dzierzyna. Odprawia\u0142 tak\u017ce nabo\u017ce\u0144stwa z nauk\u0105 w przyfrontowych punktach.<\/span><\/p><p class=\"p1\" style=\"text-align: justify;\"><span class=\"s1\">We wrze\u015bniu 1922 r. powr\u00f3ci\u0142 do swoich poprzednich obowi\u0105zk\u00f3w na Nowej Wsi w Krakowie. W ma\u0142ym seminarium da\u0142 si\u0119 pozna\u0107 jako bardzo \u0142agodny, niezbyt wymagaj\u0105cy pedagog, potrafi\u0105cy jednak rozmi\u0142owa\u0107 wychowank\u00f3w w \u015bpiewie i w muzyce<\/span><span class=\"s1\">. Tu dodatkowo obj\u0105\u0142 opiek\u0105 dwie grupy: Dzieci Maryi \u2013 wyg\u0142asza\u0142 dla nich niedzielne nauki, odczyty, prowadzi\u0142 ch\u00f3r oraz Panie Mi\u0142osierdzia \u2013 prowadzi\u0142 posiedzenia. Prowadzi\u0142 tak\u017ce kino Charitas.<i>\u00a0<\/i>W latach 1922\u20131927 studiowa\u0142 muzykologi\u0119 na Wydziale Filozoficznym Uniwersytetu Jagiello\u0144skiego u Zdzis\u0142awa Jachimeckiego i J\u00f3zefa Reissa<\/span><span class=\"s1\">. Dodatkowo (ubocznie) studiowa\u0142 germanistyk\u0119 i pedagogik\u0119. Prywatne lekcje z harmonii i kompozycji pobiera\u0142 (1922) u Boles\u0142awa Wallek-Walewskiego.<\/span><\/p><p class=\"p1\" style=\"text-align: justify;\"><span class=\"s1\">W 1927 r. ks. W. \u015awierczek zosta\u0142 przeniesiony na Stradom. Tutaj prowadzi\u0142 lekcje \u015bpiewu gregoria\u0144skiego, uczy\u0142 liturgiki i by\u0142 asystentem domu. Obj\u0105\u0142 tak\u017ce opiek\u0105 wi\u0119\u017ani\u00f3w w wi\u0119zieniu \u015bw. Micha\u0142a i w forcie przy ul. Kamiennej. Do jego zaj\u0119\u0107 jako kapelana nale\u017ca\u0142o: odprawienie dw\u00f3ch mszy w niedziele i \u015bwi\u0119ta, chodzenie po celach i rozmowy z wi\u0119\u017aniami, katechizacja nieletnich, urz\u0105dzanie rekolekcji, przygotowywanie skazanych na \u015bmier\u0107, asystowanie przy egzekucji, prowadzenie biblioteczki ksi\u0105\u017cek o tre\u015bci pouczaj\u0105cej i religijnej, procesja na Bo\u017ce Cia\u0142o z asyst\u0105 i ch\u00f3rem stradomskich kleryk\u00f3w, odczyty z prze\u017aroczami. Urz\u0105dza\u0142 tak\u017ce przedstawienia teatralne odgrywane przez wi\u0119\u017ani\u00f3w dla wi\u0119\u017ani\u00f3w. Przygotowywa\u0142 osadzonych do sakramentu bierzmowania, kt\u00f3rego w wi\u0119zieniu udziela\u0142 metropolita krakowski ks. Adam Sapieha. Podczas uroczysto\u015bci ch\u00f3r wi\u0119\u017ani\u00f3w, wzruszonych przybyciem metropolity do wi\u0119zienia, \u015bpiewa\u0142\u00a0<i>Ecce Sacerdos<\/i>.<\/span><\/p><p class=\"p1\" style=\"text-align: justify;\"><span class=\"s1\">W 1930 r. staraniem ks. rektora Karola Makowskiego, ks. W. \u015awierczek zosta\u0142 ojcem duchownym Cz\u0119stochowskiego Seminarium Duchownego w Krakowie, w k\u00f3rym ju\u017c od roku 1929 r. uczy\u0142 \u015bpiewu gregoria\u0144skiego. Nominacj\u0119 na ojca duchownego otrzyma\u0142 od bpa Teodora Kubiny \u2013 9 pa\u017adziernika 1930 r. Tutaj, opr\u00f3cz zwyk\u0142ych zaj\u0119\u0107 ojca duchownego, dalej prowadzi\u0142 \u0107wiczenia w \u015bpiewie gregoria\u0144skim, za\u0142o\u017cy\u0142 Ko\u0142o Misyjne i Ko\u0142o Liturgiczne. Swoj\u0105 dobroci\u0105 pozyska\u0142 serca alumn\u00f3w i rozmi\u0142owa\u0142 ich w \u015bpiewie gregoria\u0144skim, w liturgii i w modlitwie, zw\u0142aszcza w duchowej trosce o innych kap\u0142an\u00f3w i kleryk\u00f3w<\/span><span class=\"s1\">. Opr\u00f3cz zaj\u0119\u0107 w seminarium cz\u0119stochowskim nadal uczy\u0142 \u015bpiewu gregoria\u0144skiego na Stradomiu, zorganizowa\u0142 szereg radiowych transmisji ze stradomskiego ko\u015bcio\u0142a i z wawelskiej katedry, z uroczysto\u015bci, na kt\u00f3rych \u015bpiewali stradomscy klerycy i ma\u0142oseminarzy\u015bci. W tym czasie, jako cz\u0142onek Zarz\u0105du Zwi\u0105zku Ch\u00f3r\u00f3w Ko\u015bcielnych Diecezji Krakowskiej pomaga\u0142 w organizowaniu dzia\u0142u nut i Kongresu Muzyki Religijnej, kt\u00f3ry odby\u0142 si\u0119 24 listopada 1933 r., wyg\u0142osi\u0142 kilka odczyt\u00f3w w seminarium, Domu Katolickim i na Zje\u017adzie Ojc\u00f3w Duchownych w Wilnie.<\/span><\/p><p class=\"p1\" style=\"text-align: justify;\"><span class=\"s1\">Po ci\u0119\u017ckiej operacji prawego ucha, 22 lutego 1936 r. ks. wizytator odwo\u0142a\u0142 ks. Wendelina na Stradom i jesieni\u0105 tego roku powierzy\u0142 mu urz\u0105d dyrektora seminarium\u00a0<i>internum<\/i>\u00a0w Wilnie. Tutaj na zlecenie abpa Ja\u0142brzykowskiego by\u0142 tak\u017ce spowiednikiem si\u00f3str bernardynek. W lecie 1938 r. na polecenie wizytatora przeni\u00f3s\u0142 si\u0119 do Tarnowa. W Tarnowie opr\u00f3cz pracy duszpasterskiej w ko\u015bciele, kierowa\u0142 Konferencj\u0105 Pan\u00f3w i opiekowa\u0142 si\u0119 \u0142emkowskimi klerykami obrz\u0105dku bizantyjsko-ukrai\u0144skiego, kt\u00f3rych pi\u0119tnastu mieszka\u0142o w misjonarskim domu. Klerycy ci na wyk\u0142ady ucz\u0119szczali do tarnowskiego seminarium duchownego, a utrzymywani byli przez w\u0142adze wojew\u00f3dzkie. Modlitwy odmawiali w swoim j\u0119zyku, mszy s\u0142uchali w j\u0119zyku \u0142aci\u0144skim. Podczas wakacji 1939 r. trzech z nich otrzyma\u0142o \u015bwi\u0119cenia diakonatu we Lwowie, a dw\u00f3ch przyj\u0119\u0142o prezbiterat. Po wojnie jeszcze jeden z tej grupy przyj\u0105\u0142 \u015bwi\u0119cenia kap\u0142a\u0144skie.<\/span><\/p><p class=\"p1\" style=\"text-align: justify;\"><span class=\"s1\">Wybuch II wojny \u015bwiatowej zasta\u0142 ks. W. \u015awierczka w bibliotece na Jasnej G\u00f3rze. St\u0105d przez Warszaw\u0119 i Lublin uda\u0142 si\u0119 do Lwowa, gdzie poprzez rekolekcje przygotowa\u0142 dwunastu kleryk\u00f3w misjonarskich do \u015bwi\u0119ce\u0144 diakonatu i prezbiteratu. W listopadzie 1939 r. wr\u00f3ci\u0142 do Tarnowa. Nadal pracowa\u0142 w duszpasterstwie parafialnym i je\u017adzi\u0142 ze spowiedzi\u0105 kwartaln\u0105 do szarytek, pracuj\u0105cych w szpitalach w Nowym S\u0105czu, Ja\u015ble i Sanoku.<\/span><\/p><p class=\"p1\" style=\"text-align: justify;\"><span class=\"s1\">Na pocz\u0105tku pa\u017adziernika 1942 r. wraz z biskupem Janem Lorkiem, ks. Wendelin \u015awierczek wyjecha\u0142 do Sandomierza, gdzie zosta\u0142 profesorem \u015bpiewu w sandomierskim seminarium i dyrygentem mieszanego ch\u00f3ru katedralnego. Prowadzi\u0142 tak\u017ce klerycki ch\u00f3r oraz z klerykami przygotowa\u0142 szereg spektakli teatralnych. W 1943 r. otrzyma\u0142 nominacj\u0119 na cz\u0142onka Komisji ds. Organistowskich w diecezji sandomierskiej. Po wojnie, w latach 1945\u20131948 uczy\u0142 \u015bpiewu w koedukacyjnym Pa\u0144stwowym Gimazjum i Liceum w Sandomierzu. W 1954 r. przez kilka miesi\u0119cy pe\u0142ni\u0142 tak\u017ce funkcj\u0119 ojca duchownego w sandomierskim seminarium i wyk\u0142ada\u0142 wst\u0119p do \u017cycia wewn\u0119trznego (po zwolnieniu ks. Jana Sinki, a przed przyj\u015bciem ks. Ignacego Zembickiego). By\u0142 tak\u017ce zwyczajnym spowiednikiem pracuj\u0105cych w seminarium si\u00f3str skrytek (S\u0142u\u017cek NMP), kt\u00f3rym tak\u017ce odprawia\u0142 Msz\u0119 \u015bw. w kaplicy, poza tym \u2013 nadzwyczajnym spowiednikiem si\u00f3str szarytek w Nowym S\u0105czu, Ja\u015ble i Sanoku. By\u0142 te\u017c spowiednikiem alumn\u00f3w Ni\u017cszego Seminarium Duchownego i pomaga\u0142 w spowiedzi w sandomierskich ko\u015bcio\u0142ach. Przez dwa lata, w funkcji skarbnika, nale\u017ca\u0142 do Zarz\u0105du Zrzeszenia Ksi\u0119\u017cy Muzyk\u00f3w w Warszawie. Uporz\u0105dkowa\u0142 tak\u017ce muzykalia z XVII\u2013XIX wieku, znajduj\u0105ce si\u0119 w bibliotece sandomierskiego seminarium duchownego<\/span><span class=\"s1\">.<\/span><\/p><p class=\"p2\" style=\"text-align: justify;\"><span class=\"s1\">W sierpniu 1958 r. przeszed\u0142 ci\u0119\u017ck\u0105 operacj\u0119 przewodu pokarmowego w szpitalu bonifratr\u00f3w w Krakowie. 17 czerwca 1966 r. o\u015bwiadczy\u0142, \u017ce pragnie zrezygnowa\u0107 ze stanowiska profesora w seminarium duchownym. W styczniu 1968 r., po 25 latach i trzech miesi\u0105cach pobytu w Sandomierzu, przeni\u00f3s\u0142 si\u0119 do Krakowa na Kleparz. Tu zaj\u0105\u0142 si\u0119 opracowaniem stani\u0105teckich kancjona\u0142\u00f3w i pie\u015bni, porz\u0105dkowaniem swoich notatek i zebranych przez siebie materia\u0142\u00f3w. Pomaga\u0142 tak\u017ce w ko\u015bciele i s\u0142ucha\u0142 spowiedzi. Zmar\u0142 12 sierpnia 1974 r. i dnia 15 sierpnia zosta\u0142 pochowany na Cmentarzu Rakowickim w Krakowie.<\/span><\/p>\t\t\t\t\t\t\t\t<\/div>\n\t\t\t\t<\/div>\n\t\t\t\t\t<\/div>\n\t\t<\/div>\n\t\t\t\t\t<\/div>\n\t\t<\/section>\n\t\t\t\t<\/div>\n\t\t","protected":false},"excerpt":{"rendered":"<p>\u015apiewnik Ko\u015bcielny ks. Wendelin \u015awierczek CM Redaktor \u015apiewnika 1915 &#8211; 1974 Urodzi\u0142 si\u0119 16 stycznia 1888 r. w miejscowo\u015bci \u017bytna ko\u0142o Rybnika. By\u0142 synem Jakuba i Franciszki z domu \u015awidergo\u0142. Rodzice byli rolnikami, ojciec przez wiele lat by\u0142 w\u00f3jtem. Do szko\u0142y powszechnej Wendelin przez rok ucz\u0119szcza\u0142 w Pstr\u0105\u017cnej, dalsze 7 lat w \u017bytnej. \u00a0 O\u015bmioklasowe gimnazjum klasyczne odby\u0142 u Ksi\u0119\u017cy [&hellip;]<\/p>\n","protected":false},"author":1,"featured_media":0,"parent":10,"menu_order":2,"comment_status":"closed","ping_status":"closed","template":"","meta":{"footnotes":""},"class_list":["post-173","page","type-page","status-publish","hentry"],"_links":{"self":[{"href":"https:\/\/spiewniksiedleckiego.pl\/index.php?rest_route=\/wp\/v2\/pages\/173","targetHints":{"allow":["GET"]}}],"collection":[{"href":"https:\/\/spiewniksiedleckiego.pl\/index.php?rest_route=\/wp\/v2\/pages"}],"about":[{"href":"https:\/\/spiewniksiedleckiego.pl\/index.php?rest_route=\/wp\/v2\/types\/page"}],"author":[{"embeddable":true,"href":"https:\/\/spiewniksiedleckiego.pl\/index.php?rest_route=\/wp\/v2\/users\/1"}],"replies":[{"embeddable":true,"href":"https:\/\/spiewniksiedleckiego.pl\/index.php?rest_route=%2Fwp%2Fv2%2Fcomments&post=173"}],"version-history":[{"count":9,"href":"https:\/\/spiewniksiedleckiego.pl\/index.php?rest_route=\/wp\/v2\/pages\/173\/revisions"}],"predecessor-version":[{"id":13028,"href":"https:\/\/spiewniksiedleckiego.pl\/index.php?rest_route=\/wp\/v2\/pages\/173\/revisions\/13028"}],"up":[{"embeddable":true,"href":"https:\/\/spiewniksiedleckiego.pl\/index.php?rest_route=\/wp\/v2\/pages\/10"}],"wp:attachment":[{"href":"https:\/\/spiewniksiedleckiego.pl\/index.php?rest_route=%2Fwp%2Fv2%2Fmedia&parent=173"}],"curies":[{"name":"wp","href":"https:\/\/api.w.org\/{rel}","templated":true}]}}